{"id":15,"date":"2022-02-02T16:31:39","date_gmt":"2022-02-02T16:31:39","guid":{"rendered":"https:\/\/www.gmedia.la\/?page_id=15"},"modified":"2023-06-23T23:37:24","modified_gmt":"2023-06-23T23:37:24","slug":"servicios-de-qa","status":"publish","type":"page","link":"https:\/\/www.gmedia.la\/es\/servicios-de-qa\/","title":{"rendered":"Servicios de QA"},"content":{"rendered":"<p>[et_pb_section fb_built=\u00bb1&#8243; _builder_version=\u00bb4.19.5&#8243; _module_preset=\u00bbdefault\u00bb background_color=\u00bb#00A3E4&#8243; locked=\u00bboff\u00bb global_colors_info=\u00bb{}\u00bb][et_pb_row disabled_on=\u00bboff|off|off\u00bb _builder_version=\u00bb4.19.5&#8243; _module_preset=\u00bbdefault\u00bb global_colors_info=\u00bb{}\u00bb][et_pb_column type=\u00bb4_4&#8243; _builder_version=\u00bb4.19.5&#8243; _module_preset=\u00bbdefault\u00bb global_colors_info=\u00bb{}\u00bb][et_pb_code _builder_version=\u00bb4.19.5&#8243; _module_preset=\u00bbdefault\u00bb global_colors_info=\u00bb{}\u00bb]<!-- FAQ Schema --><!-- [et_pb_line_break_holder] --><script type=\"application\/ld+json\"><!-- [et_pb_line_break_holder] -->{<!-- [et_pb_line_break_holder] -->  \"@context\": \"http:\/\/schema.org\",<!-- [et_pb_line_break_holder] -->  \"@type\": \"FAQPage\",<!-- [et_pb_line_break_holder] -->  \"mainEntity\": [<!-- [et_pb_line_break_holder] -->    {<!-- [et_pb_line_break_holder] -->      \"@type\": \"Question\",<!-- [et_pb_line_break_holder] -->      \"name\": \"What are QA services?\",<!-- [et_pb_line_break_holder] -->      \"acceptedAnswer\": {<!-- [et_pb_line_break_holder] -->        \"@type\": \"Answer\",<!-- [et_pb_line_break_holder] -->        \"text\": \"QA services, or quality assurance services, refer to a set of processes and techniques used to ensure that a software product meets certain quality standards and performs as intended. QA services typically include a range of testing activities, such as functional testing, performance testing, and security testing, among others.\"<!-- [et_pb_line_break_holder] -->      }<!-- [et_pb_line_break_holder] -->    },<!-- [et_pb_line_break_holder] -->    {<!-- [et_pb_line_break_holder] -->      \"@type\": \"Question\",<!-- [et_pb_line_break_holder] -->      \"name\": \"Why are QA services important?\",<!-- [et_pb_line_break_holder] -->      \"acceptedAnswer\": {<!-- [et_pb_line_break_holder] -->        \"@type\": \"Answer\",<!-- [et_pb_line_break_holder] -->        \"text\": \"QA services are important because they help identify and resolve defects and issues in a software product before it is released to end users. By conducting thorough testing and quality assurance, QA services can help ensure that the software product is reliable, secure, and meets the needs of the target audience.\"<!-- [et_pb_line_break_holder] -->      }<!-- [et_pb_line_break_holder] -->    },<!-- [et_pb_line_break_holder] -->    {<!-- [et_pb_line_break_holder] -->      \"@type\": \"Question\",<!-- [et_pb_line_break_holder] -->      \"name\": \"What are some common QA services offered?\",<!-- [et_pb_line_break_holder] -->      \"acceptedAnswer\": {<!-- [et_pb_line_break_holder] -->        \"@type\": \"Answer\",<!-- [et_pb_line_break_holder] -->        \"text\": \"Common QA services offered include functional testing, performance testing, security testing, compatibility testing, and automated testing, among others. The specific QA services offered can vary depending on the software product and the needs of the development team.\"<!-- [et_pb_line_break_holder] -->      }<!-- [et_pb_line_break_holder] -->    }<!-- [et_pb_line_break_holder] -->  ]<!-- [et_pb_line_break_holder] -->}<!-- [et_pb_line_break_holder] --><\/script><!-- [et_pb_line_break_holder] -->[\/et_pb_code][\/et_pb_column][\/et_pb_row][et_pb_row disabled_on=\u00bbon|off|off\u00bb _builder_version=\u00bb4.19.5&#8243; _module_preset=\u00bbdefault\u00bb custom_margin=\u00bb||||false|false\u00bb custom_padding=\u00bb0px||0px||false|false\u00bb global_colors_info=\u00bb{}\u00bb][et_pb_column type=\u00bb4_4&#8243; _builder_version=\u00bb4.16&#8243; _module_preset=\u00bbdefault\u00bb global_colors_info=\u00bb{}\u00bb][et_pb_divider show_divider=\u00bboff\u00bb _builder_version=\u00bb4.19.5&#8243; _module_preset=\u00bbdefault\u00bb global_colors_info=\u00bb{}\u00bb][\/et_pb_divider][et_pb_divider show_divider=\u00bboff\u00bb _builder_version=\u00bb4.19.5&#8243; _module_preset=\u00bbdefault\u00bb custom_padding=\u00bb||||false|false\u00bb global_colors_info=\u00bb{}\u00bb][\/et_pb_divider][\/et_pb_column][\/et_pb_row][et_pb_row make_equal=\u00bbon\u00bb _builder_version=\u00bb4.16&#8243; _module_preset=\u00bbdefault\u00bb width=\u00bb100%\u00bb custom_padding=\u00bb45px|||||\u00bb global_colors_info=\u00bb{}\u00bb][et_pb_column type=\u00bb4_4&#8243; _builder_version=\u00bb4.16&#8243; _module_preset=\u00bbdefault\u00bb global_colors_info=\u00bb{}\u00bb][et_pb_text _builder_version=\u00bb4.21.0&#8243; _module_preset=\u00bbdefault\u00bb text_font=\u00bbMontserrat||||||||\u00bb text_text_color=\u00bb#FFFFFF\u00bb header_font=\u00bbMontserrat|700|||||||\u00bb header_text_align=\u00bbcenter\u00bb header_text_color=\u00bb#FFFFFF\u00bb header_font_size=\u00bb56px\u00bb header_letter_spacing=\u00bb2px\u00bb text_orientation=\u00bbcenter\u00bb global_colors_info=\u00bb{}\u00bb]<\/p>\n<h1 class=\"text-center  mb-3\">Servicios de QA<\/h1>\n<div id=\"gtx-trans\" style=\"position: absolute; left: 148px; top: 64.4375px;\">\n<div class=\"gtx-trans-icon\"><\/div>\n<\/div>\n<p>[\/et_pb_text][et_pb_text _builder_version=\u00bb4.21.0&#8243; _module_preset=\u00bbdefault\u00bb text_font=\u00bbMontserrat|500|||||||\u00bb text_text_color=\u00bb#FFFFFF\u00bb text_font_size=\u00bb20px\u00bb text_line_height=\u00bb24px\u00bb text_orientation=\u00bbcenter\u00bb background_layout=\u00bbdark\u00bb custom_padding=\u00bb|30px||30px|false|false\u00bb global_colors_info=\u00bb{}\u00bb]<\/p>\n<p>Nuestro equipo calificado establecer\u00e1 un control concreto sobre las demandas del proyecto. Monitoreamos las diferentes etapas de desarrollo con las \u00faltimas tecnolog\u00edas y pr\u00e1cticas de primer nivel para garantizar la m\u00e1s alta calidad en el proyecto.<\/p>\n<p>[\/et_pb_text][et_pb_text _builder_version=\u00bb4.21.0&#8243; _module_preset=\u00bbdefault\u00bb text_font=\u00bbMontserrat|500|||||||\u00bb text_text_color=\u00bb#FFFFFF\u00bb text_font_size=\u00bb20px\u00bb text_line_height=\u00bb24px\u00bb header_3_font=\u00bbMontserrat|700|||||||\u00bb header_3_font_size=\u00bb24px\u00bb text_orientation=\u00bbcenter\u00bb background_layout=\u00bbdark\u00bb custom_padding=\u00bb|30px||30px|false|false\u00bb global_colors_info=\u00bb{}\u00bb]<\/p>\n<p class=\"description mx-auto sub_01\">Nuestras actividades incluyen:<\/p>\n<div class=\"content_imgs_qa  py-4 mb-1\">\n<div class=\"imgs_qa\"><\/div>\n<\/div>\n<p>[\/et_pb_text][\/et_pb_column][\/et_pb_row][et_pb_row make_equal=\u00bbon\u00bb _builder_version=\u00bb4.16&#8243; _module_preset=\u00bbdefault\u00bb width=\u00bb100%\u00bb global_colors_info=\u00bb{}\u00bb][et_pb_column type=\u00bb4_4&#8243; _builder_version=\u00bb4.16&#8243; _module_preset=\u00bbdefault\u00bb custom_css_main_element=\u00bbdisplay: flex;||justify-content: space-around;||flex-wrap: wrap;\u00bb global_colors_info=\u00bb{}\u00bb][et_pb_blurb image=\u00bbhttps:\/\/www.gmedia.la\/wp-content\/uploads\/2022\/02\/accesibility-tsting-01.png\u00bb _builder_version=\u00bb4.21.0&#8243; _module_preset=\u00bbdefault\u00bb header_text_align=\u00bbcenter\u00bb body_font=\u00bbMontserrat||||||||\u00bb body_text_align=\u00bbcenter\u00bb body_text_color=\u00bb#FFFFFF\u00bb custom_css_blurb_image=\u00bbmargin-bottom: 0;\u00bb global_colors_info=\u00bb{}\u00bb]<\/p>\n<p>Pruebas de<br \/>accesibilidad<\/p>\n<p>[\/et_pb_blurb][et_pb_blurb image=\u00bbhttps:\/\/www.gmedia.la\/wp-content\/uploads\/2022\/02\/functionality-testing-01.png\u00bb _builder_version=\u00bb4.21.0&#8243; _module_preset=\u00bbdefault\u00bb header_text_align=\u00bbcenter\u00bb body_font=\u00bbMontserrat||||||||\u00bb body_text_align=\u00bbcenter\u00bb body_text_color=\u00bb#FFFFFF\u00bb custom_css_blurb_image=\u00bbmargin-bottom: 0;\u00bb global_colors_info=\u00bb{}\u00bb]<\/p>\n<p>Pruebas de<br \/>funcionalidad<\/p>\n<p>[\/et_pb_blurb][et_pb_blurb image=\u00bbhttps:\/\/www.gmedia.la\/wp-content\/uploads\/2022\/02\/compatibility-testing-01.png\u00bb _builder_version=\u00bb4.21.0&#8243; _module_preset=\u00bbdefault\u00bb header_text_align=\u00bbcenter\u00bb body_font=\u00bbMontserrat||||||||\u00bb body_text_align=\u00bbcenter\u00bb body_text_color=\u00bb#FFFFFF\u00bb custom_css_blurb_image=\u00bbmargin-bottom: 0;\u00bb global_colors_info=\u00bb{}\u00bb]<\/p>\n<p>Pruebas de<br \/>compatibilidad<\/p>\n<p>[\/et_pb_blurb][et_pb_blurb image=\u00bbhttps:\/\/www.gmedia.la\/wp-content\/uploads\/2022\/02\/performance-testing-01.png\u00bb _builder_version=\u00bb4.21.0&#8243; _module_preset=\u00bbdefault\u00bb header_text_align=\u00bbcenter\u00bb body_font=\u00bbMontserrat||||||||\u00bb body_text_align=\u00bbcenter\u00bb body_text_color=\u00bb#FFFFFF\u00bb custom_css_blurb_image=\u00bbmargin-bottom: 0;\u00bb global_colors_info=\u00bb{}\u00bb]<\/p>\n<p>Pruebas de<br \/>rendimiento<\/p>\n<p>[\/et_pb_blurb][et_pb_blurb image=\u00bbhttps:\/\/www.gmedia.la\/wp-content\/uploads\/2022\/02\/website-testing-01.png\u00bb _builder_version=\u00bb4.21.0&#8243; _module_preset=\u00bbdefault\u00bb header_text_align=\u00bbcenter\u00bb body_font=\u00bbMontserrat||||||||\u00bb body_text_align=\u00bbcenter\u00bb body_text_color=\u00bb#FFFFFF\u00bb custom_css_blurb_image=\u00bbmargin-bottom: 0;\u00bb global_colors_info=\u00bb{}\u00bb]<\/p>\n<p>Pruebas de<br \/>sitio web<\/p>\n<p>[\/et_pb_blurb][et_pb_blurb image=\u00bbhttps:\/\/www.gmedia.la\/wp-content\/uploads\/2022\/02\/test-automation-01.png\u00bb _builder_version=\u00bb4.21.0&#8243; _module_preset=\u00bbdefault\u00bb header_text_align=\u00bbcenter\u00bb body_font=\u00bbMontserrat||||||||\u00bb body_text_align=\u00bbcenter\u00bb body_text_color=\u00bb#FFFFFF\u00bb custom_css_blurb_image=\u00bbmargin-bottom: 0;\u00bb global_colors_info=\u00bb{}\u00bb]<\/p>\n<p>Automatizaci\u00f3n de\u00a0<br \/>pruebas<\/p>\n<p>[\/et_pb_blurb][\/et_pb_column][\/et_pb_row][et_pb_row _builder_version=\u00bb4.16&#8243; _module_preset=\u00bbdefault\u00bb custom_padding=\u00bb48px|||||\u00bb global_colors_info=\u00bb{}\u00bb][et_pb_column type=\u00bb4_4&#8243; _builder_version=\u00bb4.16&#8243; _module_preset=\u00bbdefault\u00bb global_colors_info=\u00bb{}\u00bb][et_pb_button button_url=\u00bb@ET-DC@eyJkeW5hbWljIjp0cnVlLCJjb250ZW50IjoicG9zdF9saW5rX3VybF9wYWdlIiwic2V0dGluZ3MiOnsicG9zdF9pZCI6IjEyIn19@\u00bb button_text=\u00bbCont\u00e1ctanos\u00bb button_alignment=\u00bbcenter\u00bb _builder_version=\u00bb4.21.0&#8243; _dynamic_attributes=\u00bbbutton_url\u00bb _module_preset=\u00bbdefault\u00bb custom_button=\u00bbon\u00bb button_text_size=\u00bb14.4px\u00bb button_text_color=\u00bb#FFFFFF\u00bb button_bg_color=\u00bb#EB53A3&#8243; button_border_width=\u00bb2px\u00bb button_border_color=\u00bb#EB53A3&#8243; button_border_radius=\u00bb0px\u00bb button_font=\u00bbMontserrat|600|||||||\u00bb button_use_icon=\u00bboff\u00bb background_layout=\u00bbdark\u00bb custom_css_main_element=\u00bbpadding: 14.4px;\u00bb global_colors_info=\u00bb{}\u00bb][\/et_pb_button][\/et_pb_column][\/et_pb_row][\/et_pb_section][et_pb_section fb_built=\u00bb1&#8243; _builder_version=\u00bb4.16&#8243; _module_preset=\u00bbdefault\u00bb custom_padding=\u00bb||40px|||\u00bb global_colors_info=\u00bb{}\u00bb][et_pb_row _builder_version=\u00bb4.16&#8243; _module_preset=\u00bbdefault\u00bb global_colors_info=\u00bb{}\u00bb][et_pb_column type=\u00bb4_4&#8243; _builder_version=\u00bb4.16&#8243; _module_preset=\u00bbdefault\u00bb global_colors_info=\u00bb{}\u00bb][et_pb_text _builder_version=\u00bb4.21.0&#8243; _module_preset=\u00bbdefault\u00bb header_2_font=\u00bbMontserrat|600|||||||\u00bb header_2_text_align=\u00bbcenter\u00bb header_2_text_color=\u00bb#000000&#8243; header_2_font_size=\u00bb3rem\u00bb custom_margin=\u00bb||8px||false|false\u00bb global_colors_info=\u00bb{}\u00bb]<\/p>\n<h2 style=\"text-align: center;\">gmedia.la QA<\/h2>\n<p>[\/et_pb_text][et_pb_text _builder_version=\u00bb4.21.0&#8243; _module_preset=\u00bbdefault\u00bb text_font=\u00bbMontserrat|500|||||||\u00bb text_text_color=\u00bb#000000&#8243; text_font_size=\u00bb16px\u00bb text_line_height=\u00bb24px\u00bb header_3_font=\u00bbMontserrat|700|||||||\u00bb header_3_font_size=\u00bb24px\u00bb text_orientation=\u00bbcenter\u00bb background_layout=\u00bbdark\u00bb custom_padding=\u00bb|30px||30px|false|false\u00bb global_colors_info=\u00bb{}\u00bb]Nuestra experiencia en el aprovechamiento de los \u00faltimos est\u00e1ndares y tecnolog\u00edas<br \/>\ngarantiza productos de alta calidad.[\/et_pb_text][\/et_pb_column][\/et_pb_row][\/et_pb_section][et_pb_section fb_built=\u00bb1&#8243; _builder_version=\u00bb4.16&#8243; _module_preset=\u00bbdefault\u00bb custom_padding=\u00bb40px|||||\u00bb global_colors_info=\u00bb{}\u00bb][et_pb_row column_structure=\u00bb1_2,1_2&#8243; make_equal=\u00bbon\u00bb _builder_version=\u00bb4.16&#8243; _module_preset=\u00bbdefault\u00bb width=\u00bb100%\u00bb global_colors_info=\u00bb{}\u00bb][et_pb_column type=\u00bb1_2&#8243; _builder_version=\u00bb4.16&#8243; _module_preset=\u00bbdefault\u00bb global_colors_info=\u00bb{}\u00bb][et_pb_text module_id=\u00bbaccessibilityTesting\u00bb module_class=\u00bbaccessibilityTesting\u00bb _builder_version=\u00bb4.21.0&#8243; _module_preset=\u00bbdefault\u00bb text_font=\u00bbMontserrat||||||||\u00bb text_font_size=\u00bb16px\u00bb header_font=\u00bbMontserrat||||||||\u00bb header_2_font=\u00bbMontserrat|700|||||||\u00bb header_2_font_size=\u00bb24px\u00bb header_3_font=\u00bbMontserrat|700|||||||\u00bb header_3_font_size=\u00bb18px\u00bb background_color=\u00bbrgba(0,0,0,0.05)\u00bb custom_padding=\u00bb70px|40px|70px|40px|false|false\u00bb global_colors_info=\u00bb{}\u00bb]<\/p>\n<p><img loading=\"lazy\" decoding=\"async\" src=\"https:\/\/www.gmedia.la\/wp-content\/uploads\/2022\/02\/accesibility-tsting-01-1.png\" width=\"230\" height=\"191\" alt=\"\" class=\"wp-image-699 alignnone size-full\" \/><\/p>\n<h2>Pruebas de Accesibilidad<\/h2>\n<p>Nuestro servicio de Pruebas de Accesibilidad valida la capacidad de su producto para ser f\u00e1cilmente personalizado para usuarios con discapacidades.<\/p>\n<ul>\n<li>\n<h3>Efectividad<\/h3>\n<\/li>\n<\/ul>\n<p>C\u00f3mo cumple su producto con la legislaci\u00f3n respecto a la accesibilidad.<\/p>\n<ul>\n<li>\n<h3>Utilidad<\/h3>\n<\/li>\n<\/ul>\n<p>Si los usuarios confiar\u00e1n en su producto nuevamente si cumple con sus expectativas.<\/p>\n<ul>\n<li>\n<h3>Satisfaction<\/h3>\n<\/li>\n<\/ul>\n<p>Qu\u00e9 tan atractivo es su producto para las personas con discapacidades.<\/p>\n<p>[\/et_pb_text][et_pb_text module_id=\u00bbbuildYourSoftware\u00bb module_class=\u00bbbuildYourSoftware\u00bb _builder_version=\u00bb4.21.0&#8243; _module_preset=\u00bbdefault\u00bb text_font=\u00bbMontserrat||||||||\u00bb text_text_color=\u00bb#000000&#8243; text_font_size=\u00bb20px\u00bb text_line_height=\u00bb1.8em\u00bb header_font=\u00bbMontserrat||||||||\u00bb header_text_color=\u00bb#000000&#8243; header_2_font=\u00bbMontserrat|700|||||||\u00bb header_2_text_color=\u00bb#000000&#8243; header_2_font_size=\u00bb43px\u00bb header_3_font=\u00bbMontserrat|700|||||||\u00bb header_3_font_size=\u00bb18px\u00bb background_color=\u00bbRGBA(255,255,255,0)\u00bb custom_padding=\u00bb70px|40px|70px|40px|false|false\u00bb global_colors_info=\u00bb{}\u00bb]<\/p>\n<p><img loading=\"lazy\" decoding=\"async\" src=\"https:\/\/www.gmedia.la\/wp-content\/uploads\/2022\/02\/grup.png\" alt=\"\" class=\"wp-image-702 alignnone size-full\" width=\"150\" height=\"188\" \/><\/p>\n<h2>Construye tu software m\u00e1s r\u00e1pido y de manera m\u00e1s inteligente<\/h2>\n<p>con un socio que sepa c\u00f3mo resolver tus desaf\u00edos tecnol\u00f3gicos.<\/p>\n<p><a class=\"getInTouch\" href=\"https:\/\/gmedia.la\/es\/contactanos\" target=\"_blank\" rel=\"noopener\">Ponte en contacto<\/a><\/p>\n<p>[\/et_pb_text][et_pb_text module_id=\u00bbwebsiteTesting\u00bb module_class=\u00bbwebsiteTesting\u00bb _builder_version=\u00bb4.21.0&#8243; _module_preset=\u00bbdefault\u00bb text_font=\u00bbMontserrat||||||||\u00bb text_font_size=\u00bb16px\u00bb ul_font=\u00bbMontserrat||||||||\u00bb header_font=\u00bbMontserrat||||||||\u00bb header_2_font=\u00bbMontserrat|700|||||||\u00bb header_2_font_size=\u00bb24px\u00bb header_3_font=\u00bbMontserrat|700|||||||\u00bb header_3_font_size=\u00bb18px\u00bb background_color=\u00bbrgba(0,0,0,0.05)\u00bb custom_padding=\u00bb70px|40px|70px|40px|false|false\u00bb global_colors_info=\u00bb{}\u00bb]<\/p>\n<p><img loading=\"lazy\" decoding=\"async\" src=\"https:\/\/www.gmedia.la\/wp-content\/uploads\/2022\/02\/website-testing-01-1.png\" width=\"230\" height=\"191\" alt=\"\" class=\"wp-image-705 alignnone size-full\" \/><\/p>\n<h2>Pruebas de Sitio Web<\/h2>\n<p>Realizar pruebas en un sitio web es crucial para garantizar que el usuario tenga una experiencia atractiva al visitarlo.<\/p>\n<ul>\n<li>\n<h3>Compatibilidad con Navegadores<\/h3>\n<\/li>\n<\/ul>\n<p>Validamos la compatibilidad con los navegadores m\u00e1s populares y m\u00faltiples sistemas operativos.<\/p>\n<ul>\n<li>\n<h3>Pruebas de Funcionalidad<\/h3>\n<\/li>\n<\/ul>\n<p>Validamos la confiabilidad de tu proyecto en tres aspectos: carga, estr\u00e9s y rendimiento.<\/p>\n<ul>\n<li>\n<h3>Prueba de confiabilidad<\/h3>\n<\/li>\n<\/ul>\n<p>La seguridad es un pilar hoy en d\u00eda. Nuestro equipo garantiza que sus datos est\u00e9n seguros para reducir el riesgo de vulnerabilidades.<\/p>\n<p>[\/et_pb_text][\/et_pb_column][et_pb_column type=\u00bb1_2&#8243; _builder_version=\u00bb4.16&#8243; _module_preset=\u00bbdefault\u00bb global_colors_info=\u00bb{}\u00bb][et_pb_text module_id=\u00bbfunctionalityTesting\u00bb module_class=\u00bbfunctionalityTesting\u00bb _builder_version=\u00bb4.21.0&#8243; _module_preset=\u00bbdefault\u00bb text_font=\u00bbMontserrat||||||||\u00bb text_font_size=\u00bb16px\u00bb header_font=\u00bbMontserrat||||||||\u00bb header_2_font=\u00bbMontserrat|700|||||||\u00bb header_2_font_size=\u00bb24px\u00bb header_3_font=\u00bbMontserrat|700|||||||\u00bb header_3_font_size=\u00bb18px\u00bb background_enable_color=\u00bboff\u00bb custom_padding=\u00bb70px|40px|70px|40px|false|false\u00bb global_colors_info=\u00bb{}\u00bb]<\/p>\n<h2><img loading=\"lazy\" decoding=\"async\" src=\"https:\/\/www.gmedia.la\/wp-content\/uploads\/2022\/02\/functionality-testing-01-1.png\" width=\"230\" height=\"191\" alt=\"\" class=\"wp-image-701 alignnone size-full\" \/><\/h2>\n<h2 class=\"h5\">Pruebas de Funcionalidad<\/h2>\n<p>Nos aseguramos de que el producto cumpla con los requisitos funcionales. El objetivo es reducir la cantidad de problemas y garantizar un producto optimizado con la m\u00e1s alta calidad.<\/p>\n<ul>\n<li>\n<h3><span>Tipos de aplicaciones que probamos:<\/span><\/h3>\n<\/li>\n<\/ul>\n<ul class=\"pl-3 mb-0\">\n<li>Aplicaciones empresariales (ERP, CRM, SCM, BPM, sistemas de facturaci\u00f3n, etc.)<\/li>\n<li>Soluciones de BI y big data\u00a0<\/li>\n<li>Portales web<\/li>\n<li>Soluciones de comercio electr\u00f3nico<\/li>\n<li>Aplicaciones m\u00f3viles empresariales<\/li>\n<li>Aplicaciones m\u00f3viles para clientes<\/li>\n<li>Soluciones de IoT<\/li>\n<\/ul>\n<p>[\/et_pb_text][et_pb_text module_id=\u00bbcompatibilityTesting\u00bb module_class=\u00bbcompatibilityTesting\u00bb _builder_version=\u00bb4.21.0&#8243; _module_preset=\u00bbdefault\u00bb text_font=\u00bbMontserrat||||||||\u00bb text_font_size=\u00bb16px\u00bb header_font=\u00bbMontserrat||||||||\u00bb header_2_font=\u00bbMontserrat|700|||||||\u00bb header_2_font_size=\u00bb24px\u00bb header_3_font=\u00bbMontserrat|700|||||||\u00bb header_3_font_size=\u00bb18px\u00bb background_color=\u00bbrgba(0,0,0,0.05)\u00bb custom_padding=\u00bb70px|40px|70px|40px|false|false\u00bb global_colors_info=\u00bb{}\u00bb]<\/p>\n<h2 class=\"h5\"><img loading=\"lazy\" decoding=\"async\" src=\"https:\/\/www.gmedia.la\/wp-content\/uploads\/2022\/02\/compatibility-testing-01-1.png\" width=\"230\" height=\"191\" alt=\"\" class=\"wp-image-700 alignnone size-full\" \/><\/h2>\n<h2 class=\"h5\">Pruebas de Compatibilidad<\/h2>\n<div class=\"fouth_card_sp\" id=\"compatibility_testing_d\">\n<p class=\"mb-0\">Probamos rigurosamente su sitio web o aplicaci\u00f3n para garantizar su correcto funcionamiento en todos los principales dispositivos, sistemas operativos y navegadores web<\/p>\n<\/div>\n<div class=\"sixth_card_sp\" id=\"performance_testing_d\">\n<div><\/div>\n<\/div>\n<p>[\/et_pb_text][et_pb_text module_id=\u00bbperformanceTesting\u00bb module_class=\u00bbperformanceTesting\u00bb _builder_version=\u00bb4.21.0&#8243; _module_preset=\u00bbdefault\u00bb text_font=\u00bbMontserrat||||||||\u00bb text_font_size=\u00bb16px\u00bb header_font=\u00bbMontserrat||||||||\u00bb header_2_font=\u00bbMontserrat|700|||||||\u00bb header_2_font_size=\u00bb24px\u00bb header_3_font=\u00bbMontserrat|700|||||||\u00bb header_3_font_size=\u00bb18px\u00bb background_enable_color=\u00bboff\u00bb custom_padding=\u00bb70px|40px|70px|40px|false|false\u00bb global_colors_info=\u00bb{}\u00bb]<\/p>\n<h2><img loading=\"lazy\" decoding=\"async\" src=\"https:\/\/www.gmedia.la\/wp-content\/uploads\/2022\/02\/performance-testing-01-1.png\" width=\"230\" height=\"191\" alt=\"\" class=\"wp-image-703 alignnone size-full\" \/><\/h2>\n<h2>Pruebas de Rendimiento<\/h2>\n<p>Nuestro equipo se enfoca en revisar la carga, el estr\u00e9s y el rendimiento de su sitio con altos est\u00e1ndares para minimizar el riesgo de cuellos de botella y validar un tiempo de respuesta de p\u00e1gina correcto.<\/p>\n<ul class=\"performanceList\">\n<li>\n<h3>Con nuestra soluci\u00f3n de pruebas de rendimiento, puede:<\/h3>\n<\/li>\n<li>Identificar problemas de infraestructura.<\/li>\n<li>Aislar problemas de capacidad del servidor.<\/li>\n<li>Determinar la capacidad de los sistemas actuales.<\/li>\n<li>y m\u00e1s.<\/li>\n<\/ul>\n<p>[\/et_pb_text][et_pb_text module_id=\u00bbtestAutomation\u00bb module_class=\u00bbtestAutomation\u00bb _builder_version=\u00bb4.21.0&#8243; _module_preset=\u00bbdefault\u00bb text_font=\u00bbMontserrat||||||||\u00bb text_font_size=\u00bb16px\u00bb header_font=\u00bbMontserrat||||||||\u00bb header_2_font=\u00bbMontserrat|700|||||||\u00bb header_2_font_size=\u00bb24px\u00bb header_3_font=\u00bbMontserrat|700|||||||\u00bb header_3_font_size=\u00bb18px\u00bb background_color=\u00bbrgba(0,0,0,0.05)\u00bb custom_padding=\u00bb70px|40px|70px|40px|false|false\u00bb global_colors_info=\u00bb{}\u00bb]<\/p>\n<h2><img loading=\"lazy\" decoding=\"async\" src=\"https:\/\/www.gmedia.la\/wp-content\/uploads\/2022\/02\/test-automation-01_1.png\" width=\"230\" height=\"190\" alt=\"\" class=\"wp-image-704 alignnone size-full\" \/><\/h2>\n<h2>Automatizaci\u00f3n de pruebas<\/h2>\n<p>Nuestro proceso de automatizaci\u00f3n reduce el tiempo de prueba y mejora la calidad de las pruebas. Los servicios que brindamos se adaptan a tus objetivos, ya sea una aplicaci\u00f3n m\u00f3vil o un sitio web.<\/p>\n<ul>\n<li>\n<h3>Metodolog\u00eda de Automatizaci\u00f3n<\/h3>\n<\/li>\n<\/ul>\n<p class=\"automationList\">Nos basamos en una metodolog\u00eda s\u00f3lida para aprovechar al m\u00e1ximo los recursos y herramientas.<\/p>\n<ul>\n<li>\n<h3>Tecnolog\u00edas de Automatizaci\u00f3n<\/h3>\n<\/li>\n<\/ul>\n<p class=\"automationList\">Validamos la automatizaci\u00f3n con tecnolog\u00edas reconocidas a nivel mundial, seg\u00fan las necesidades de tu proyecto.<\/p>\n<p>[\/et_pb_text][\/et_pb_column][\/et_pb_row][\/et_pb_section][et_pb_section fb_built=\u00bb1&#8243; disabled_on=\u00bbon|on|on\u00bb _builder_version=\u00bb4.21.0&#8243; _module_preset=\u00bbdefault\u00bb disabled=\u00bbon\u00bb locked=\u00bboff\u00bb global_colors_info=\u00bb{}\u00bb][et_pb_row _builder_version=\u00bb4.16&#8243; _module_preset=\u00bbdefault\u00bb custom_padding=\u00bb||0px||false|false\u00bb global_colors_info=\u00bb{}\u00bb][et_pb_column type=\u00bb4_4&#8243; _builder_version=\u00bb4.16&#8243; _module_preset=\u00bbdefault\u00bb global_colors_info=\u00bb{}\u00bb][et_pb_text _builder_version=\u00bb4.16&#8243; _module_preset=\u00bbdefault\u00bb header_2_font=\u00bbMontserrat|600|||||||\u00bb header_2_text_align=\u00bbcenter\u00bb header_2_text_color=\u00bb#000000&#8243; header_2_font_size=\u00bb3rem\u00bb header_2_font_size_tablet=\u00bb32px\u00bb header_2_font_size_phone=\u00bb32px\u00bb header_2_font_size_last_edited=\u00bbon|desktop\u00bb global_colors_info=\u00bb{}\u00bb]<\/p>\n<h2 style=\"text-align: left;\">Latest Blog<\/h2>\n<p>[\/et_pb_text][\/et_pb_column][\/et_pb_row][et_pb_row _builder_version=\u00bb4.16&#8243; _module_preset=\u00bbdefault\u00bb global_colors_info=\u00bb{}\u00bb][et_pb_column type=\u00bb4_4&#8243; _builder_version=\u00bb4.16&#8243; _module_preset=\u00bbdefault\u00bb global_colors_info=\u00bb{}\u00bb][et_pb_blog fullwidth=\u00bboff\u00bb posts_number=\u00bb3&#8243; include_categories=\u00bbcurrent\u00bb show_more=\u00bbon\u00bb show_author=\u00bboff\u00bb show_date=\u00bboff\u00bb show_pagination=\u00bboff\u00bb _builder_version=\u00bb4.16&#8243; _module_preset=\u00bbdefault\u00bb header_level=\u00bbh3&#8243; header_font=\u00bbMontserrat|700|||||||\u00bb header_text_color=\u00bb#000000&#8243; header_font_size=\u00bb21px\u00bb body_font=\u00bbMontserrat|300|||||||\u00bb body_font_size=\u00bb16px\u00bb meta_font=\u00bbMontserrat|700|||||||\u00bb meta_text_color=\u00bb#EB53A3&#8243; read_more_font=\u00bbMontserrat|600|||||||\u00bb read_more_text_color=\u00bb#000000&#8243; read_more_font_size=\u00bb16px\u00bb border_width_all=\u00bb0px\u00bb global_colors_info=\u00bb{}\u00bb][\/et_pb_blog][\/et_pb_column][\/et_pb_row][\/et_pb_section]<\/p>\n","protected":false},"excerpt":{"rendered":"<p>Servicios de QA Nuestro equipo calificado establecer\u00e1 un control concreto sobre las demandas del proyecto. Monitoreamos las diferentes etapas de desarrollo con las \u00faltimas tecnolog\u00edas y pr\u00e1cticas de primer nivel para garantizar la m\u00e1s alta calidad en el proyecto.Nuestras actividades incluyen: Pruebas deaccesibilidadPruebas defuncionalidadPruebas decompatibilidadPruebas derendimientoPruebas desitio webAutomatizaci\u00f3n de\u00a0pruebasgmedia.la QANuestra experiencia en el aprovechamiento de [&hellip;]<\/p>\n","protected":false},"author":1,"featured_media":0,"parent":0,"menu_order":0,"comment_status":"closed","ping_status":"closed","template":"","meta":{"_et_pb_use_builder":"on","_et_pb_old_content":"<!-- wp:divi\/placeholder \/-->","_et_gb_content_width":"","footnotes":""},"class_list":["post-15","page","type-page","status-publish","hentry"],"_links":{"self":[{"href":"https:\/\/www.gmedia.la\/es\/wp-json\/wp\/v2\/pages\/15","targetHints":{"allow":["GET"]}}],"collection":[{"href":"https:\/\/www.gmedia.la\/es\/wp-json\/wp\/v2\/pages"}],"about":[{"href":"https:\/\/www.gmedia.la\/es\/wp-json\/wp\/v2\/types\/page"}],"author":[{"embeddable":true,"href":"https:\/\/www.gmedia.la\/es\/wp-json\/wp\/v2\/users\/1"}],"replies":[{"embeddable":true,"href":"https:\/\/www.gmedia.la\/es\/wp-json\/wp\/v2\/comments?post=15"}],"version-history":[{"count":76,"href":"https:\/\/www.gmedia.la\/es\/wp-json\/wp\/v2\/pages\/15\/revisions"}],"predecessor-version":[{"id":8160,"href":"https:\/\/www.gmedia.la\/es\/wp-json\/wp\/v2\/pages\/15\/revisions\/8160"}],"wp:attachment":[{"href":"https:\/\/www.gmedia.la\/es\/wp-json\/wp\/v2\/media?parent=15"}],"curies":[{"name":"wp","href":"https:\/\/api.w.org\/{rel}","templated":true}]}}